{"id":1449,"date":"2022-11-04T20:52:41","date_gmt":"2022-11-04T20:52:41","guid":{"rendered":"https:\/\/f7.vamtam.com\/?page_id=1449"},"modified":"2024-10-22T13:58:40","modified_gmt":"2024-10-22T19:58:40","slug":"contacto","status":"publish","type":"page","link":"https:\/\/rocodromo.mx\/index.php\/contacto\/","title":{"rendered":"Contacto"},"content":{"rendered":"\t\t<div data-elementor-type=\"wp-page\" data-elementor-id=\"1449\" class=\"elementor elementor-1449\">\n\t\t\t\t\t\t<section class=\"elementor-section elementor-top-section elementor-element elementor-element-b6e0d9e elementor-section-boxed elementor-section-height-default elementor-section-height-default\" data-id=\"b6e0d9e\" data-element_type=\"section\">\n\t\t\t\t\t\t<div class=\"elementor-container elementor-column-gap-default\">\n\t\t\t\t\t<div class=\"elementor-column elementor-col-100 elementor-top-column elementor-element elementor-element-9067fb3\" data-id=\"9067fb3\" data-element_type=\"column\">\n\t\t\t<div class=\"elementor-widget-wrap elementor-element-populated\">\n\t\t\t\t\t\t\t<\/div>\n\t\t<\/div>\n\t\t\t\t\t<\/div>\n\t\t<\/section>\n\t\t\t\t<section class=\"elementor-section elementor-top-section elementor-element elementor-element-7dd2148 elementor-section-boxed elementor-section-height-default elementor-section-height-default\" data-id=\"7dd2148\" data-element_type=\"section\">\n\t\t\t\t\t\t<div class=\"elementor-container elementor-column-gap-default\">\n\t\t\t\t\t<div class=\"elementor-column elementor-col-100 elementor-top-column elementor-element elementor-element-a53c326\" data-id=\"a53c326\" data-element_type=\"column\" data-settings=\"{&quot;background_background&quot;:&quot;classic&quot;}\">\n\t\t\t<div class=\"elementor-widget-wrap elementor-element-populated\">\n\t\t\t\t\t\t<section class=\"elementor-section elementor-inner-section elementor-element elementor-element-b86c6dd elementor-section-boxed elementor-section-height-default elementor-section-height-default\" data-id=\"b86c6dd\" data-element_type=\"section\">\n\t\t\t\t\t\t<div class=\"elementor-container elementor-column-gap-default\">\n\t\t\t\t\t<div class=\"elementor-column elementor-col-33 elementor-inner-column elementor-element elementor-element-c0e7323\" data-id=\"c0e7323\" data-element_type=\"column\">\n\t\t\t<div class=\"elementor-widget-wrap elementor-element-populated\">\n\t\t\t\t\t\t<div class=\"elementor-element elementor-element-f6cb1ab elementor-widget elementor-widget-heading\" data-id=\"f6cb1ab\" data-element_type=\"widget\" data-widget_type=\"heading.default\">\n\t\t\t\t<div class=\"elementor-widget-container\">\n\t\t\t\t\t<h5 class=\"elementor-heading-title elementor-size-default\">Direcci\u00f3n<\/h5>\t\t\t\t<\/div>\n\t\t\t\t<\/div>\n\t\t\t\t<div class=\"elementor-element elementor-element-87457a0 elementor-widget elementor-widget-text-editor\" data-id=\"87457a0\" data-element_type=\"widget\" data-widget_type=\"text-editor.default\">\n\t\t\t\t<div class=\"elementor-widget-container\">\n\t\t\t\t\t\t\t\t\t<p style=\"font-weight: 400;\">Calle Ignacio Allende 5737 Colonia \u00c1ngeles Mayorazgo 72440 Puebla de Zaragoza, M\u00e9xico.<\/p>\t\t\t\t\t\t\t\t<\/div>\n\t\t\t\t<\/div>\n\t\t\t\t\t<\/div>\n\t\t<\/div>\n\t\t\t\t<div class=\"elementor-column elementor-col-33 elementor-inner-column elementor-element elementor-element-67a649a\" data-id=\"67a649a\" data-element_type=\"column\">\n\t\t\t<div class=\"elementor-widget-wrap elementor-element-populated\">\n\t\t\t\t\t\t<div class=\"elementor-element elementor-element-e0e0af8 elementor-widget elementor-widget-heading\" data-id=\"e0e0af8\" data-element_type=\"widget\" data-widget_type=\"heading.default\">\n\t\t\t\t<div class=\"elementor-widget-container\">\n\t\t\t\t\t<h5 class=\"elementor-heading-title elementor-size-default\">Env\u00edanos un correo<\/h5>\t\t\t\t<\/div>\n\t\t\t\t<\/div>\n\t\t\t\t<div class=\"elementor-element elementor-element-68c0039 elementor-widget elementor-widget-text-editor\" data-id=\"68c0039\" data-element_type=\"widget\" data-widget_type=\"text-editor.default\">\n\t\t\t\t<div class=\"elementor-widget-container\">\n\t\t\t\t\t\t\t\t\t<p><a class=\"x1i10hfl xjbqb8w x6umtig x1b1mbwd xaqea5y xav7gou x9f619 x1ypdohk xt0psk2 xe8uvvx xdj266r x11i5rnm xat24cr x1mh8g0r xexx8yu x4uap5 x18d9i69 xkhd6sd x16tdsg8 x1hl2dhg xggy1nq x1a2a7pz xt0b8zv x1fey0fg\" tabindex=\"0\" role=\"link\" href=\"mailto:contacto@rocodromo.mx\" target=\"_blank\" rel=\"noopener\">contacto@rocodromo.mx<\/a><\/p>\t\t\t\t\t\t\t\t<\/div>\n\t\t\t\t<\/div>\n\t\t\t\t\t<\/div>\n\t\t<\/div>\n\t\t\t\t<div class=\"elementor-column elementor-col-33 elementor-inner-column elementor-element elementor-element-0b827e4\" data-id=\"0b827e4\" data-element_type=\"column\">\n\t\t\t<div class=\"elementor-widget-wrap elementor-element-populated\">\n\t\t\t\t\t\t<div class=\"elementor-element elementor-element-24f2eec elementor-widget elementor-widget-heading\" data-id=\"24f2eec\" data-element_type=\"widget\" data-widget_type=\"heading.default\">\n\t\t\t\t<div class=\"elementor-widget-container\">\n\t\t\t\t\t<h5 class=\"elementor-heading-title elementor-size-default\">Ll\u00e1manos<\/h5>\t\t\t\t<\/div>\n\t\t\t\t<\/div>\n\t\t\t\t<div class=\"elementor-element elementor-element-3bf1d2b elementor-widget elementor-widget-text-editor\" data-id=\"3bf1d2b\" data-element_type=\"widget\" data-widget_type=\"text-editor.default\">\n\t\t\t\t<div class=\"elementor-widget-container\">\n\t\t\t\t\t\t\t\t\t<p>Fijo: 222 240 5060<\/p><p>Celular: 222 324 3424<\/p>\t\t\t\t\t\t\t\t<\/div>\n\t\t\t\t<\/div>\n\t\t\t\t\t<\/div>\n\t\t<\/div>\n\t\t\t\t\t<\/div>\n\t\t<\/section>\n\t\t\t\t\t<\/div>\n\t\t<\/div>\n\t\t\t\t\t<\/div>\n\t\t<\/section>\n\t\t\t\t<section class=\"elementor-section elementor-top-section elementor-element elementor-element-e140db3 elementor-section-boxed elementor-section-height-default elementor-section-height-default\" data-id=\"e140db3\" data-element_type=\"section\">\n\t\t\t\t\t\t<div class=\"elementor-container elementor-column-gap-default\">\n\t\t\t\t\t<div class=\"elementor-column elementor-col-100 elementor-top-column elementor-element elementor-element-e40616d\" data-id=\"e40616d\" data-element_type=\"column\">\n\t\t\t<div class=\"elementor-widget-wrap elementor-element-populated\">\n\t\t\t\t\t\t<div class=\"elementor-element elementor-element-0defe67 elementor-widget elementor-widget-html\" data-id=\"0defe67\" data-element_type=\"widget\" data-widget_type=\"html.default\">\n\t\t\t\t<div class=\"elementor-widget-container\">\n\t\t\t\t\t<iframe src=\"https:\/\/www.google.com\/maps\/embed?pb=!1m18!1m12!1m3!1d3771.9986084051548!2d-98.22578624978343!3d19.019782987056995!2m3!1f0!2f0!3f0!3m2!1i1024!2i768!4f13.1!3m3!1m2!1s0x85cfc74ddaccb043%3A0x30bf7eb9f043edd1!2sRoc%C3%B3dromo%20Fusi%C3%B3n-%20Centro%20de%20Escalada%20Deportiva!5e0!3m2!1ses-419!2smx!4v1667617827345!5m2!1ses-419!2smx\" width=\"1920\" height=\"600\" style=\"border:0;\" allowfullscreen=\"\" loading=\"lazy\" referrerpolicy=\"no-referrer-when-downgrade\"><\/iframe>\t\t\t\t<\/div>\n\t\t\t\t<\/div>\n\t\t\t\t\t<\/div>\n\t\t<\/div>\n\t\t\t\t\t<\/div>\n\t\t<\/section>\n\t\t\t\t<section class=\"elementor-section elementor-top-section elementor-element elementor-element-cf1ce48 elementor-section-boxed elementor-section-height-default elementor-section-height-default\" data-id=\"cf1ce48\" data-element_type=\"section\">\n\t\t\t\t\t\t<div class=\"elementor-container elementor-column-gap-default\">\n\t\t\t\t\t<div class=\"elementor-column elementor-col-100 elementor-top-column elementor-element elementor-element-c10e342\" data-id=\"c10e342\" data-element_type=\"column\">\n\t\t\t<div class=\"elementor-widget-wrap elementor-element-populated\">\n\t\t\t\t\t\t<div class=\"elementor-element elementor-element-a7e962a elementor-widget elementor-widget-heading\" data-id=\"a7e962a\" data-element_type=\"widget\" data-widget_type=\"heading.default\">\n\t\t\t\t<div class=\"elementor-widget-container\">\n\t\t\t\t\t<h2 class=\"elementor-heading-title elementor-size-default\">\u00bfTe gustar\u00eda ser parte del staff fusi\u00f3n?<\/h2>\t\t\t\t<\/div>\n\t\t\t\t<\/div>\n\t\t\t\t<div class=\"elementor-element elementor-element-3124001 elementor-widget elementor-widget-text-editor\" data-id=\"3124001\" data-element_type=\"widget\" data-widget_type=\"text-editor.default\">\n\t\t\t\t<div class=\"elementor-widget-container\">\n\t\t\t\t\t\t\t\t\t<p>Estamos buscando colaboradores bajo un esquema de intercambio.\u00a0<\/p><p><strong>Requisitos:<\/strong><\/p><div class=\"page\" title=\"Page 1\"><div class=\"section\"><div class=\"layoutArea\"><div class=\"column\"><p>\u2022 Tener entre 18 a 35 an\u0303os.<\/p><p>\u2022 Disponibilidad para asistir como colaborador 10 horas semanales divididas en 2 sesiones. (Plazo min de 10 meses)<\/p><p>\u2022 Saber escalar o en su defecto aprobar el curso de capacitacio\u0301n.<\/p><p>\u2022En caso de tener experiencia escalando: aprobar examen de asegurado, yoyo y punta.<\/p><p>\u2022 Actitud sociable, amable y de servicio.<\/p><p>\u2022 Gusto por el deporte.<\/p><p>\u2022 En caso de no tener experiencia como escalador: aprobar el curso de capacitacio\u0301n con un costo de $1000 1er mes, $500 2do y $500 3er mes (curso de 3 meses, participando 2 veces por semana durante 1.5 hrs, al finalizar los 10 meses de colaboracio\u0301n se entregara\u0301 diploma de finalizacio\u0301n)<\/p><\/div><\/div><\/div><\/div><p>Si est\u00e1s interesado d\u00e9janos tus datos en el siguiente formulario, adjunta tu CV actualizado y nos pondremos en contacto contigo<\/p>\t\t\t\t\t\t\t\t<\/div>\n\t\t\t\t<\/div>\n\t\t\t\t\t<\/div>\n\t\t<\/div>\n\t\t\t\t\t<\/div>\n\t\t<\/section>\n\t\t\t\t<\/div>\n\t\t","protected":false},"excerpt":{"rendered":"<p>Direcci\u00f3n Calle Ignacio Allende 5737 Colonia \u00c1ngeles Mayorazgo 72440 Puebla de Zaragoza, M\u00e9xico. Env\u00edanos un correo contacto@rocodromo.mx Ll\u00e1manos Fijo: 222 240 5060 Celular: 222 324 3424 \u00bfTe gustar\u00eda ser parte del staff fusi\u00f3n? Estamos buscando colaboradores bajo un esquema de intercambio.\u00a0 Requisitos: \u2022 Tener entre 18 a 35 an\u0303os. \u2022 Disponibilidad para asistir como colaborador&#8230;<\/p>\n","protected":false},"author":2,"featured_media":0,"parent":0,"menu_order":0,"comment_status":"closed","ping_status":"closed","template":"","meta":{"_joinchat":[],"footnotes":""},"class_list":["post-1449","page","type-page","status-publish","hentry"],"_links":{"self":[{"href":"https:\/\/rocodromo.mx\/index.php\/wp-json\/wp\/v2\/pages\/1449","targetHints":{"allow":["GET"]}}],"collection":[{"href":"https:\/\/rocodromo.mx\/index.php\/wp-json\/wp\/v2\/pages"}],"about":[{"href":"https:\/\/rocodromo.mx\/index.php\/wp-json\/wp\/v2\/types\/page"}],"author":[{"embeddable":true,"href":"https:\/\/rocodromo.mx\/index.php\/wp-json\/wp\/v2\/users\/2"}],"replies":[{"embeddable":true,"href":"https:\/\/rocodromo.mx\/index.php\/wp-json\/wp\/v2\/comments?post=1449"}],"version-history":[{"count":63,"href":"https:\/\/rocodromo.mx\/index.php\/wp-json\/wp\/v2\/pages\/1449\/revisions"}],"predecessor-version":[{"id":990279,"href":"https:\/\/rocodromo.mx\/index.php\/wp-json\/wp\/v2\/pages\/1449\/revisions\/990279"}],"wp:attachment":[{"href":"https:\/\/rocodromo.mx\/index.php\/wp-json\/wp\/v2\/media?parent=1449"}],"curies":[{"name":"wp","href":"https:\/\/api.w.org\/{rel}","templated":true}]}}