{"id":989649,"date":"2022-11-15T15:05:10","date_gmt":"2022-11-15T15:05:10","guid":{"rendered":"https:\/\/f7.vamtam.com\/?page_id=1430"},"modified":"2023-11-28T18:20:41","modified_gmt":"2023-11-29T00:20:41","slug":"tienda-fusion","status":"publish","type":"page","link":"https:\/\/rocodromo.mx\/index.php\/tienda-fusion\/","title":{"rendered":"Tienda Fusi\u00f3n"},"content":{"rendered":"\t\t<div data-elementor-type=\"wp-page\" data-elementor-id=\"989649\" class=\"elementor elementor-989649\">\n\t\t\t\t\t\t<section class=\"elementor-section elementor-top-section elementor-element elementor-element-783b188 elementor-section-height-min-height elementor-section-items-bottom elementor-section-boxed elementor-section-height-default\" data-id=\"783b188\" data-element_type=\"section\" data-settings=\"{&quot;background_background&quot;:&quot;classic&quot;}\">\n\t\t\t\t\t\t<div class=\"elementor-container elementor-column-gap-default\">\n\t\t\t\t\t<div class=\"elementor-column elementor-col-100 elementor-top-column elementor-element elementor-element-5dbaafb\" data-id=\"5dbaafb\" data-element_type=\"column\">\n\t\t\t<div class=\"elementor-widget-wrap elementor-element-populated\">\n\t\t\t\t\t\t<div class=\"elementor-element elementor-element-f3e0af6 elementor-invisible elementor-widget elementor-widget-button\" data-id=\"f3e0af6\" data-element_type=\"widget\" data-settings=\"{&quot;_animation&quot;:&quot;slideInUp&quot;,&quot;_animation_tablet&quot;:&quot;none&quot;,&quot;_animation_mobile&quot;:&quot;none&quot;}\" data-widget_type=\"button.default\">\n\t\t\t\t<div class=\"elementor-widget-container\">\n\t\t\t\t\t\t\t\t\t<div class=\"elementor-button-wrapper\">\n\t\t\t\t\t<a class=\"elementor-button elementor-size-sm\" role=\"button\">\n\t\t\t\t\t\t<span class=\"elementor-button-content-wrapper\">\n\t\t\t\t\t\t<span class=\"elementor-button-icon\">\n\t\t\t\t<i aria-hidden=\"true\" class=\"vamtamtheme- vamtam-theme-arrow-right\"><\/i>\t\t\t<\/span>\n\t\t\t\t\t\t\t\t\t<span class=\"elementor-button-text\">Contacto<\/span>\n\t\t\t\t\t<\/span>\n\t\t\t\t\t<\/a>\n\t\t\t\t<\/div>\n\t\t\t\t\t\t\t\t<\/div>\n\t\t\t\t<\/div>\n\t\t\t\t\t<\/div>\n\t\t<\/div>\n\t\t\t\t\t<\/div>\n\t\t<\/section>\n\t\t\t\t<section class=\"elementor-section elementor-top-section elementor-element elementor-element-14e6e63 elementor-section-boxed elementor-section-height-default elementor-section-height-default\" data-id=\"14e6e63\" data-element_type=\"section\">\n\t\t\t\t\t\t<div class=\"elementor-container elementor-column-gap-no\">\n\t\t\t\t\t<div class=\"elementor-column elementor-col-50 elementor-top-column elementor-element elementor-element-a8b2d06 elementor-hidden-phone\" data-id=\"a8b2d06\" data-element_type=\"column\">\n\t\t\t<div class=\"elementor-widget-wrap\">\n\t\t\t\t\t\t\t<\/div>\n\t\t<\/div>\n\t\t\t\t<div class=\"elementor-column elementor-col-50 elementor-top-column elementor-element elementor-element-d4bb617\" data-id=\"d4bb617\" data-element_type=\"column\" data-settings=\"{&quot;background_background&quot;:&quot;classic&quot;}\">\n\t\t\t<div class=\"elementor-widget-wrap elementor-element-populated\">\n\t\t\t\t\t\t<div class=\"elementor-element elementor-element-793ac37 elementor-widget elementor-widget-spacer\" data-id=\"793ac37\" data-element_type=\"widget\" data-widget_type=\"spacer.default\">\n\t\t\t\t<div class=\"elementor-widget-container\">\n\t\t\t\t\t\t\t<div class=\"elementor-spacer\">\n\t\t\t<div class=\"elementor-spacer-inner\"><\/div>\n\t\t<\/div>\n\t\t\t\t\t\t<\/div>\n\t\t\t\t<\/div>\n\t\t\t\t\t<\/div>\n\t\t<\/div>\n\t\t\t\t\t<\/div>\n\t\t<\/section>\n\t\t\t\t<section class=\"elementor-section elementor-top-section elementor-element elementor-element-e4b663d elementor-section-boxed elementor-section-height-default elementor-section-height-default\" data-id=\"e4b663d\" data-element_type=\"section\" data-settings=\"{&quot;background_background&quot;:&quot;classic&quot;}\">\n\t\t\t\t\t\t<div class=\"elementor-container elementor-column-gap-default\">\n\t\t\t\t\t<div class=\"elementor-column elementor-col-100 elementor-top-column elementor-element elementor-element-6fe25df\" data-id=\"6fe25df\" data-element_type=\"column\">\n\t\t\t<div class=\"elementor-widget-wrap elementor-element-populated\">\n\t\t\t\t\t\t<div class=\"elementor-element elementor-element-083c290 elementor-widget__width-initial elementor-widget-mobile__width-initial elementor-widget-tablet__width-initial elementor-widget elementor-widget-heading\" data-id=\"083c290\" data-element_type=\"widget\" data-widget_type=\"heading.default\">\n\t\t\t\t<div class=\"elementor-widget-container\">\n\t\t\t\t\t<span class=\"elementor-heading-title elementor-size-default\">Venta y Asesor\u00eda especializada<br>\nde equipo de escalada, monta\u00f1a y ecoturismo.<\/span>\t\t\t\t<\/div>\n\t\t\t\t<\/div>\n\t\t\t\t\t<\/div>\n\t\t<\/div>\n\t\t\t\t\t<\/div>\n\t\t<\/section>\n\t\t\t\t<section class=\"elementor-section elementor-top-section elementor-element elementor-element-0f7f7bc elementor-section-boxed elementor-section-height-default elementor-section-height-default\" data-id=\"0f7f7bc\" data-element_type=\"section\" data-settings=\"{&quot;background_background&quot;:&quot;classic&quot;}\">\n\t\t\t\t\t\t<div class=\"elementor-container elementor-column-gap-default\">\n\t\t\t\t\t<div class=\"elementor-column elementor-col-100 elementor-top-column elementor-element elementor-element-8ea069c\" data-id=\"8ea069c\" data-element_type=\"column\">\n\t\t\t<div class=\"elementor-widget-wrap elementor-element-populated\">\n\t\t\t\t\t\t<div class=\"elementor-element elementor-element-b77e71d elementor-invisible elementor-widget elementor-widget-heading\" data-id=\"b77e71d\" data-element_type=\"widget\" data-settings=\"{&quot;_animation&quot;:&quot;zoomIn&quot;,&quot;_animation_tablet&quot;:&quot;none&quot;,&quot;_animation_mobile&quot;:&quot;none&quot;}\" data-widget_type=\"heading.default\">\n\t\t\t\t<div class=\"elementor-widget-container\">\n\t\t\t\t\t<h3 class=\"elementor-heading-title elementor-size-default\">marcas que encontrar\u00e1s<\/h3>\t\t\t\t<\/div>\n\t\t\t\t<\/div>\n\t\t\t\t<div class=\"elementor-element elementor-element-71a9a5e elementor-widget elementor-widget-gallery\" data-id=\"71a9a5e\" data-element_type=\"widget\" data-settings=\"{&quot;gallery_layout&quot;:&quot;masonry&quot;,&quot;gap&quot;:{&quot;unit&quot;:&quot;px&quot;,&quot;size&quot;:15,&quot;sizes&quot;:[]},&quot;lazyload&quot;:&quot;yes&quot;,&quot;columns&quot;:4,&quot;columns_tablet&quot;:2,&quot;columns_mobile&quot;:1,&quot;gap_tablet&quot;:{&quot;unit&quot;:&quot;px&quot;,&quot;size&quot;:10,&quot;sizes&quot;:[]},&quot;gap_mobile&quot;:{&quot;unit&quot;:&quot;px&quot;,&quot;size&quot;:10,&quot;sizes&quot;:[]},&quot;link_to&quot;:&quot;file&quot;,&quot;overlay_background&quot;:&quot;yes&quot;,&quot;content_hover_animation&quot;:&quot;fade-in&quot;}\" data-widget_type=\"gallery.default\">\n\t\t\t\t<div class=\"elementor-widget-container\">\n\t\t\t\t\t\t\t<div class=\"elementor-gallery__container\">\n\t\t\t\t\t\t\t<a class=\"e-gallery-item elementor-gallery-item elementor-animated-content\" href=\"https:\/\/rocodromo.mx\/wp-content\/uploads\/2023\/11\/acopa.png\" data-elementor-open-lightbox=\"yes\" data-elementor-lightbox-slideshow=\"all-71a9a5e\" data-elementor-lightbox-title=\"acopa\" data-e-action-hash=\"#elementor-action%3Aaction%3Dlightbox%26settings%3DeyJpZCI6OTg5NzQ3LCJ1cmwiOiJodHRwczpcL1wvcm9jb2Ryb21vLm14XC93cC1jb250ZW50XC91cGxvYWRzXC8yMDIzXC8xMVwvYWNvcGEucG5nIiwic2xpZGVzaG93IjoiYWxsLTcxYTlhNWUifQ%3D%3D\">\n\t\t\t\t\t<div class=\"e-gallery-image elementor-gallery-item__image\" data-thumbnail=\"https:\/\/rocodromo.mx\/wp-content\/uploads\/2023\/11\/acopa.png\" data-width=\"500\" data-height=\"500\" alt=\"\" ><\/div>\n\t\t\t\t\t\t\t\t\t\t\t<div class=\"elementor-gallery-item__overlay\"><\/div>\n\t\t\t\t\t\t\t\t\t\t\t\t\t\t<\/a>\n\t\t\t\t\t\t\t<a class=\"e-gallery-item elementor-gallery-item elementor-animated-content\" href=\"https:\/\/rocodromo.mx\/wp-content\/uploads\/2023\/11\/atman.png\" data-elementor-open-lightbox=\"yes\" data-elementor-lightbox-slideshow=\"all-71a9a5e\" data-elementor-lightbox-title=\"atman\" data-e-action-hash=\"#elementor-action%3Aaction%3Dlightbox%26settings%3DeyJpZCI6OTg5NzQ4LCJ1cmwiOiJodHRwczpcL1wvcm9jb2Ryb21vLm14XC93cC1jb250ZW50XC91cGxvYWRzXC8yMDIzXC8xMVwvYXRtYW4ucG5nIiwic2xpZGVzaG93IjoiYWxsLTcxYTlhNWUifQ%3D%3D\">\n\t\t\t\t\t<div class=\"e-gallery-image elementor-gallery-item__image\" data-thumbnail=\"https:\/\/rocodromo.mx\/wp-content\/uploads\/2023\/11\/atman.png\" data-width=\"500\" data-height=\"500\" alt=\"\" ><\/div>\n\t\t\t\t\t\t\t\t\t\t\t<div class=\"elementor-gallery-item__overlay\"><\/div>\n\t\t\t\t\t\t\t\t\t\t\t\t\t\t<\/a>\n\t\t\t\t\t\t\t<a class=\"e-gallery-item elementor-gallery-item elementor-animated-content\" href=\"https:\/\/rocodromo.mx\/wp-content\/uploads\/2023\/11\/Black-Diamond.png\" data-elementor-open-lightbox=\"yes\" data-elementor-lightbox-slideshow=\"all-71a9a5e\" data-elementor-lightbox-title=\"Black-Diamond\" data-e-action-hash=\"#elementor-action%3Aaction%3Dlightbox%26settings%3DeyJpZCI6OTg5NzQ5LCJ1cmwiOiJodHRwczpcL1wvcm9jb2Ryb21vLm14XC93cC1jb250ZW50XC91cGxvYWRzXC8yMDIzXC8xMVwvQmxhY2stRGlhbW9uZC5wbmciLCJzbGlkZXNob3ciOiJhbGwtNzFhOWE1ZSJ9\">\n\t\t\t\t\t<div class=\"e-gallery-image elementor-gallery-item__image\" data-thumbnail=\"https:\/\/rocodromo.mx\/wp-content\/uploads\/2023\/11\/Black-Diamond.png\" data-width=\"500\" data-height=\"500\" alt=\"\" ><\/div>\n\t\t\t\t\t\t\t\t\t\t\t<div class=\"elementor-gallery-item__overlay\"><\/div>\n\t\t\t\t\t\t\t\t\t\t\t\t\t\t<\/a>\n\t\t\t\t\t\t\t<a class=\"e-gallery-item elementor-gallery-item elementor-animated-content\" href=\"https:\/\/rocodromo.mx\/wp-content\/uploads\/2023\/11\/fixe.png\" data-elementor-open-lightbox=\"yes\" data-elementor-lightbox-slideshow=\"all-71a9a5e\" data-elementor-lightbox-title=\"fixe\" data-e-action-hash=\"#elementor-action%3Aaction%3Dlightbox%26settings%3DeyJpZCI6OTg5NzUwLCJ1cmwiOiJodHRwczpcL1wvcm9jb2Ryb21vLm14XC93cC1jb250ZW50XC91cGxvYWRzXC8yMDIzXC8xMVwvZml4ZS5wbmciLCJzbGlkZXNob3ciOiJhbGwtNzFhOWE1ZSJ9\">\n\t\t\t\t\t<div class=\"e-gallery-image elementor-gallery-item__image\" data-thumbnail=\"https:\/\/rocodromo.mx\/wp-content\/uploads\/2023\/11\/fixe.png\" data-width=\"500\" data-height=\"500\" alt=\"\" ><\/div>\n\t\t\t\t\t\t\t\t\t\t\t<div class=\"elementor-gallery-item__overlay\"><\/div>\n\t\t\t\t\t\t\t\t\t\t\t\t\t\t<\/a>\n\t\t\t\t\t\t\t<a class=\"e-gallery-item elementor-gallery-item elementor-animated-content\" href=\"https:\/\/rocodromo.mx\/wp-content\/uploads\/2023\/11\/mad-rock.png\" data-elementor-open-lightbox=\"yes\" data-elementor-lightbox-slideshow=\"all-71a9a5e\" data-elementor-lightbox-title=\"mad-rock\" data-e-action-hash=\"#elementor-action%3Aaction%3Dlightbox%26settings%3DeyJpZCI6OTg5NzUxLCJ1cmwiOiJodHRwczpcL1wvcm9jb2Ryb21vLm14XC93cC1jb250ZW50XC91cGxvYWRzXC8yMDIzXC8xMVwvbWFkLXJvY2sucG5nIiwic2xpZGVzaG93IjoiYWxsLTcxYTlhNWUifQ%3D%3D\">\n\t\t\t\t\t<div class=\"e-gallery-image elementor-gallery-item__image\" data-thumbnail=\"https:\/\/rocodromo.mx\/wp-content\/uploads\/2023\/11\/mad-rock.png\" data-width=\"500\" data-height=\"500\" alt=\"\" ><\/div>\n\t\t\t\t\t\t\t\t\t\t\t<div class=\"elementor-gallery-item__overlay\"><\/div>\n\t\t\t\t\t\t\t\t\t\t\t\t\t\t<\/a>\n\t\t\t\t\t\t\t<a class=\"e-gallery-item elementor-gallery-item elementor-animated-content\" href=\"https:\/\/rocodromo.mx\/wp-content\/uploads\/2023\/11\/Monkey-hands.png\" data-elementor-open-lightbox=\"yes\" data-elementor-lightbox-slideshow=\"all-71a9a5e\" data-elementor-lightbox-title=\"Monkey-hands\" data-e-action-hash=\"#elementor-action%3Aaction%3Dlightbox%26settings%3DeyJpZCI6OTg5NzUyLCJ1cmwiOiJodHRwczpcL1wvcm9jb2Ryb21vLm14XC93cC1jb250ZW50XC91cGxvYWRzXC8yMDIzXC8xMVwvTW9ua2V5LWhhbmRzLnBuZyIsInNsaWRlc2hvdyI6ImFsbC03MWE5YTVlIn0%3D\">\n\t\t\t\t\t<div class=\"e-gallery-image elementor-gallery-item__image\" data-thumbnail=\"https:\/\/rocodromo.mx\/wp-content\/uploads\/2023\/11\/Monkey-hands.png\" data-width=\"500\" data-height=\"500\" alt=\"\" ><\/div>\n\t\t\t\t\t\t\t\t\t\t\t<div class=\"elementor-gallery-item__overlay\"><\/div>\n\t\t\t\t\t\t\t\t\t\t\t\t\t\t<\/a>\n\t\t\t\t\t\t\t<a class=\"e-gallery-item elementor-gallery-item elementor-animated-content\" href=\"https:\/\/rocodromo.mx\/wp-content\/uploads\/2023\/11\/petzl.png\" data-elementor-open-lightbox=\"yes\" data-elementor-lightbox-slideshow=\"all-71a9a5e\" data-elementor-lightbox-title=\"petzl\" data-e-action-hash=\"#elementor-action%3Aaction%3Dlightbox%26settings%3DeyJpZCI6OTg5NzUzLCJ1cmwiOiJodHRwczpcL1wvcm9jb2Ryb21vLm14XC93cC1jb250ZW50XC91cGxvYWRzXC8yMDIzXC8xMVwvcGV0emwucG5nIiwic2xpZGVzaG93IjoiYWxsLTcxYTlhNWUifQ%3D%3D\">\n\t\t\t\t\t<div class=\"e-gallery-image elementor-gallery-item__image\" data-thumbnail=\"https:\/\/rocodromo.mx\/wp-content\/uploads\/2023\/11\/petzl.png\" data-width=\"500\" data-height=\"500\" alt=\"\" ><\/div>\n\t\t\t\t\t\t\t\t\t\t\t<div class=\"elementor-gallery-item__overlay\"><\/div>\n\t\t\t\t\t\t\t\t\t\t\t\t\t\t<\/a>\n\t\t\t\t\t\t\t<a class=\"e-gallery-item elementor-gallery-item elementor-animated-content\" href=\"https:\/\/rocodromo.mx\/wp-content\/uploads\/2023\/11\/vaiven.png\" data-elementor-open-lightbox=\"yes\" data-elementor-lightbox-slideshow=\"all-71a9a5e\" data-elementor-lightbox-title=\"vaiven\" data-e-action-hash=\"#elementor-action%3Aaction%3Dlightbox%26settings%3DeyJpZCI6OTg5NzU0LCJ1cmwiOiJodHRwczpcL1wvcm9jb2Ryb21vLm14XC93cC1jb250ZW50XC91cGxvYWRzXC8yMDIzXC8xMVwvdmFpdmVuLnBuZyIsInNsaWRlc2hvdyI6ImFsbC03MWE5YTVlIn0%3D\">\n\t\t\t\t\t<div class=\"e-gallery-image elementor-gallery-item__image\" data-thumbnail=\"https:\/\/rocodromo.mx\/wp-content\/uploads\/2023\/11\/vaiven.png\" data-width=\"500\" data-height=\"500\" alt=\"\" ><\/div>\n\t\t\t\t\t\t\t\t\t\t\t<div class=\"elementor-gallery-item__overlay\"><\/div>\n\t\t\t\t\t\t\t\t\t\t\t\t\t\t<\/a>\n\t\t\t\t\t<\/div>\n\t\t\t\t\t<\/div>\n\t\t\t\t<\/div>\n\t\t\t\t<div class=\"elementor-element elementor-element-3ec545a elementor-widget elementor-widget-spacer\" data-id=\"3ec545a\" data-element_type=\"widget\" data-widget_type=\"spacer.default\">\n\t\t\t\t<div class=\"elementor-widget-container\">\n\t\t\t\t\t\t\t<div class=\"elementor-spacer\">\n\t\t\t<div class=\"elementor-spacer-inner\"><\/div>\n\t\t<\/div>\n\t\t\t\t\t\t<\/div>\n\t\t\t\t<\/div>\n\t\t\t\t<div class=\"elementor-element elementor-element-da3801f elementor-widget elementor-widget-gallery\" data-id=\"da3801f\" data-element_type=\"widget\" data-settings=\"{&quot;columns&quot;:6,&quot;gap&quot;:{&quot;unit&quot;:&quot;px&quot;,&quot;size&quot;:52,&quot;sizes&quot;:[]},&quot;aspect_ratio&quot;:&quot;1:1&quot;,&quot;lazyload&quot;:&quot;yes&quot;,&quot;gallery_layout&quot;:&quot;grid&quot;,&quot;columns_tablet&quot;:2,&quot;columns_mobile&quot;:1,&quot;gap_tablet&quot;:{&quot;unit&quot;:&quot;px&quot;,&quot;size&quot;:10,&quot;sizes&quot;:[]},&quot;gap_mobile&quot;:{&quot;unit&quot;:&quot;px&quot;,&quot;size&quot;:10,&quot;sizes&quot;:[]},&quot;link_to&quot;:&quot;file&quot;,&quot;overlay_background&quot;:&quot;yes&quot;,&quot;content_hover_animation&quot;:&quot;fade-in&quot;}\" data-widget_type=\"gallery.default\">\n\t\t\t\t<div class=\"elementor-widget-container\">\n\t\t\t\t\t\t\t<div class=\"elementor-gallery__container\">\n\t\t\t\t\t<\/div>\n\t\t\t\t\t<\/div>\n\t\t\t\t<\/div>\n\t\t\t\t\t<\/div>\n\t\t<\/div>\n\t\t\t\t\t<\/div>\n\t\t<\/section>\n\t\t\t\t<section class=\"elementor-section elementor-top-section elementor-element elementor-element-941b3fc elementor-reverse-mobile elementor-section-boxed elementor-section-height-default elementor-section-height-default\" data-id=\"941b3fc\" data-element_type=\"section\" data-settings=\"{&quot;background_background&quot;:&quot;classic&quot;}\">\n\t\t\t\t\t\t<div class=\"elementor-container elementor-column-gap-default\">\n\t\t\t\t\t<div class=\"elementor-column elementor-col-50 elementor-top-column elementor-element elementor-element-bc3090d\" data-id=\"bc3090d\" data-element_type=\"column\">\n\t\t\t<div class=\"elementor-widget-wrap elementor-element-populated\">\n\t\t\t\t\t\t<div class=\"elementor-element elementor-element-e8ce4d8 elementor-widget elementor-widget-image\" data-id=\"e8ce4d8\" data-element_type=\"widget\" data-widget_type=\"image.default\">\n\t\t\t\t<div class=\"elementor-widget-container\">\n\t\t\t\t\t\t\t\t\t\t\t\t\t\t\t<img decoding=\"async\" src=\"https:\/\/rocodromo.mx\/wp-content\/uploads\/2022\/11\/Foto-50.jpg\" title=\"\" alt=\"\" loading=\"lazy\" \/>\t\t\t\t\t\t\t\t\t\t\t\t\t\t\t<\/div>\n\t\t\t\t<\/div>\n\t\t\t\t\t<\/div>\n\t\t<\/div>\n\t\t\t\t<div class=\"elementor-column elementor-col-50 elementor-top-column elementor-element elementor-element-f63b014\" data-id=\"f63b014\" data-element_type=\"column\">\n\t\t\t<div class=\"elementor-widget-wrap elementor-element-populated\">\n\t\t\t\t\t\t<div class=\"elementor-element elementor-element-df60c38 elementor-widget__width-initial elementor-widget-mobile__width-inherit elementor-widget elementor-widget-heading\" data-id=\"df60c38\" data-element_type=\"widget\" data-widget_type=\"heading.default\">\n\t\t\t\t<div class=\"elementor-widget-container\">\n\t\t\t\t\t<h3 class=\"elementor-heading-title elementor-size-default\">Encontrar\u00e1s Todo lo que necesitas<\/h3>\t\t\t\t<\/div>\n\t\t\t\t<\/div>\n\t\t\t\t<div class=\"elementor-element elementor-element-8729ef5 elementor-widget elementor-widget-text-editor\" data-id=\"8729ef5\" data-element_type=\"widget\" data-widget_type=\"text-editor.default\">\n\t\t\t\t<div class=\"elementor-widget-container\">\n\t\t\t\t\t\t\t\t\t<ul><li>Calzado<\/li><li>Arneses<\/li><li>Cascos<\/li><li>Magnesia<\/li><li>Accesorios<\/li><li>Crash Pads<\/li><li>Aseguradores<\/li><li>Mosquetones<\/li><li>Cintas Express<\/li><li>Ropa<\/li><\/ul><p>Tenemos una amplia variedad de productos, modelos y marcas.\u00a0<br \/>Si necesitas m\u00e1s informaci\u00f3n puedes visitar nuestra Tienda F\u00edsica en las instalaciones de Fusi\u00f3n y puedes ponerte en contacto a trav\u00e9s de WhatsApp.<\/p>\t\t\t\t\t\t\t\t<\/div>\n\t\t\t\t<\/div>\n\t\t\t\t<div class=\"elementor-element elementor-element-9d165a0 elementor-widget elementor-widget-button\" data-id=\"9d165a0\" data-element_type=\"widget\" data-widget_type=\"button.default\">\n\t\t\t\t<div class=\"elementor-widget-container\">\n\t\t\t\t\t\t\t\t\t<div class=\"elementor-button-wrapper\">\n\t\t\t\t\t<a class=\"elementor-button elementor-button-link elementor-size-sm\" href=\"https:\/\/wa.link\/1mfysm\">\n\t\t\t\t\t\t<span class=\"elementor-button-content-wrapper\">\n\t\t\t\t\t\t<span class=\"elementor-button-icon\">\n\t\t\t\t<i aria-hidden=\"true\" class=\"vamtamtheme- vamtam-theme-arrow-right\"><\/i>\t\t\t<\/span>\n\t\t\t\t\t\t\t\t\t<span class=\"elementor-button-text\">Contacto<\/span>\n\t\t\t\t\t<\/span>\n\t\t\t\t\t<\/a>\n\t\t\t\t<\/div>\n\t\t\t\t\t\t\t\t<\/div>\n\t\t\t\t<\/div>\n\t\t\t\t\t<\/div>\n\t\t<\/div>\n\t\t\t\t\t<\/div>\n\t\t<\/section>\n\t\t\t\t<section class=\"elementor-section elementor-top-section elementor-element elementor-element-2d8b8b4 elementor-section-full_width elementor-section-height-default elementor-section-height-default\" data-id=\"2d8b8b4\" data-element_type=\"section\" data-settings=\"{&quot;background_background&quot;:&quot;classic&quot;}\">\n\t\t\t\t\t\t<div class=\"elementor-container elementor-column-gap-default\">\n\t\t\t\t\t<div class=\"elementor-column elementor-col-100 elementor-top-column elementor-element elementor-element-446cd8e\" data-id=\"446cd8e\" data-element_type=\"column\">\n\t\t\t<div class=\"elementor-widget-wrap elementor-element-populated\">\n\t\t\t\t\t\t<div class=\"elementor-element elementor-element-376720b elementor-widget__width-auto elementor-widget elementor-widget-heading\" data-id=\"376720b\" data-element_type=\"widget\" data-widget_type=\"heading.default\">\n\t\t\t\t<div class=\"elementor-widget-container\">\n\t\t\t\t\t<h6 class=\"elementor-heading-title elementor-size-default\">s\u00edguenos en<\/h6>\t\t\t\t<\/div>\n\t\t\t\t<\/div>\n\t\t\t\t<div class=\"elementor-element elementor-element-ec92cb3 elementor-widget__width-auto elementor-widget elementor-widget-button\" data-id=\"ec92cb3\" data-element_type=\"widget\" data-widget_type=\"button.default\">\n\t\t\t\t<div class=\"elementor-widget-container\">\n\t\t\t\t\t\t\t\t\t<div class=\"elementor-button-wrapper\">\n\t\t\t\t\t<a class=\"elementor-button elementor-button-link elementor-size-sm\" href=\"https:\/\/www.instagram.com\/rocodromofusion\/\" target=\"_blank\">\n\t\t\t\t\t\t<span class=\"elementor-button-content-wrapper\">\n\t\t\t\t\t\t\t\t\t<span class=\"elementor-button-text\">rocodromofusion<\/span>\n\t\t\t\t\t<\/span>\n\t\t\t\t\t<\/a>\n\t\t\t\t<\/div>\n\t\t\t\t\t\t\t\t<\/div>\n\t\t\t\t<\/div>\n\t\t\t\t\t<\/div>\n\t\t<\/div>\n\t\t\t\t\t<\/div>\n\t\t<\/section>\n\t\t\t\t<\/div>\n\t\t","protected":false},"excerpt":{"rendered":"<p>Contacto Venta y Asesor\u00eda especializada de equipo de escalada, monta\u00f1a y ecoturismo. marcas que encontrar\u00e1s Encontrar\u00e1s Todo lo que necesitas Calzado Arneses Cascos Magnesia Accesorios Crash Pads Aseguradores Mosquetones Cintas Express Ropa Tenemos una amplia variedad de productos, modelos y marcas.\u00a0Si necesitas m\u00e1s informaci\u00f3n puedes visitar nuestra Tienda F\u00edsica en las instalaciones de Fusi\u00f3n y&#8230;<\/p>\n","protected":false},"author":2,"featured_media":0,"parent":0,"menu_order":0,"comment_status":"closed","ping_status":"closed","template":"","meta":{"_joinchat":[],"footnotes":""},"class_list":["post-989649","page","type-page","status-publish","hentry"],"_links":{"self":[{"href":"https:\/\/rocodromo.mx\/index.php\/wp-json\/wp\/v2\/pages\/989649","targetHints":{"allow":["GET"]}}],"collection":[{"href":"https:\/\/rocodromo.mx\/index.php\/wp-json\/wp\/v2\/pages"}],"about":[{"href":"https:\/\/rocodromo.mx\/index.php\/wp-json\/wp\/v2\/types\/page"}],"author":[{"embeddable":true,"href":"https:\/\/rocodromo.mx\/index.php\/wp-json\/wp\/v2\/users\/2"}],"replies":[{"embeddable":true,"href":"https:\/\/rocodromo.mx\/index.php\/wp-json\/wp\/v2\/comments?post=989649"}],"version-history":[{"count":17,"href":"https:\/\/rocodromo.mx\/index.php\/wp-json\/wp\/v2\/pages\/989649\/revisions"}],"predecessor-version":[{"id":989971,"href":"https:\/\/rocodromo.mx\/index.php\/wp-json\/wp\/v2\/pages\/989649\/revisions\/989971"}],"wp:attachment":[{"href":"https:\/\/rocodromo.mx\/index.php\/wp-json\/wp\/v2\/media?parent=989649"}],"curies":[{"name":"wp","href":"https:\/\/api.w.org\/{rel}","templated":true}]}}